{"id":4481,"date":"2026-03-01T13:17:43","date_gmt":"2026-03-01T12:17:43","guid":{"rendered":"http:\/\/tuestudioflamenco.com\/?page_id=4481"},"modified":"2026-04-13T20:45:48","modified_gmt":"2026-04-13T18:45:48","slug":"cours-en-ligne","status":"publish","type":"page","link":"https:\/\/tuestudioflamenco.com\/es\/cours-en-ligne\/","title":{"rendered":"Clases online y presenciales en Sevilla Capital"},"content":{"rendered":"<div data-elementor-type=\"wp-page\" data-elementor-id=\"4481\" class=\"elementor elementor-4481\" data-elementor-post-type=\"page\">\n\t\t\t\t<div class=\"elementor-element elementor-element-f1c9cba e-con-full francais e-flex e-con e-parent\" data-id=\"f1c9cba\" data-element_type=\"container\" data-settings=\"{&quot;background_background&quot;:&quot;classic&quot;}\">\n\t\t\t\t<\/div>\n\t\t<div class=\"elementor-element elementor-element-4159535 e-con-full espagnol e-flex e-con e-parent\" data-id=\"4159535\" data-element_type=\"container\" data-settings=\"{&quot;background_background&quot;:&quot;classic&quot;}\">\n\t\t\t\t<\/div>\n\t\t<div class=\"elementor-element elementor-element-7d0e108 e-flex e-con-boxed e-con e-parent\" data-id=\"7d0e108\" data-element_type=\"container\">\n\t\t\t\t\t<div class=\"e-con-inner\">\n\t\t\t\t<div class=\"elementor-element elementor-element-63d1210 elementor-widget elementor-widget-heading\" data-id=\"63d1210\" data-element_type=\"widget\" data-widget_type=\"heading.default\">\n\t\t\t\t\t<h2 class=\"elementor-heading-title elementor-size-default\">Aprende en clases particulares con nuestros mentores expertos<\/h2>\t\t\t\t<\/div>\n\t\t\t\t\t<\/div>\n\t\t\t\t<\/div>\n\t\t<div class=\"elementor-element elementor-element-0c06f34 e-flex e-con-boxed e-con e-parent\" data-id=\"0c06f34\" data-element_type=\"container\">\n\t\t\t\t\t<div class=\"e-con-inner\">\n\t\t<div class=\"elementor-element elementor-element-c554aa5 e-con-full e-flex e-con e-child\" data-id=\"c554aa5\" data-element_type=\"container\">\n\t\t\t\t<div class=\"elementor-element elementor-element-c95480e elementor-widget elementor-widget-image\" data-id=\"c95480e\" data-element_type=\"widget\" data-widget_type=\"image.default\">\n\t\t\t\t\t\t\t\t\t\t\t\t\t\t\t<img decoding=\"async\" src=\"https:\/\/tuestudioflamenco.com\/wp-content\/uploads\/2026\/03\/acust-268-scaled.webp\" title=\"acust 268\" alt=\"acust 268\" loading=\"lazy\" \/>\t\t\t\t\t\t\t\t\t\t\t\t\t\t\t<\/div>\n\t\t\t\t<\/div>\n\t\t<div class=\"elementor-element elementor-element-97d837f e-con-full e-flex e-con e-child\" data-id=\"97d837f\" data-element_type=\"container\">\n\t\t\t\t<div class=\"elementor-element elementor-element-c2df3c2 elementor-widget elementor-widget-heading\" data-id=\"c2df3c2\" data-element_type=\"widget\" data-widget_type=\"heading.default\">\n\t\t\t\t\t<h2 class=\"elementor-heading-title elementor-size-default\">\ud83c\udfb8 Clases online en directo \u2013 Guitarra flamenca<\/h2>\t\t\t\t<\/div>\n\t\t\t\t<div class=\"elementor-element elementor-element-f4692e7 elementor-widget elementor-widget-text-editor\" data-id=\"f4692e7\" data-element_type=\"widget\" data-widget_type=\"text-editor.default\">\n\t\t\t\t\t\t\t\t\t<p class=\"translation-block\">Aprende de verdad a tocar la guitarra flamenca, gracias a un m\u00e9todo claro, musical y progresivo, con el acompa\u00f1amiento en directo de un guitarrista profesional que te corrige, te gu\u00eda y te ayuda a mejorar de forma concreta.<\/p><p>Il ne s&rsquo;agit pas d&rsquo;un cours avec des vid\u00e9os enregistr\u00e9es :<\/p><p>Es una clase din\u00e1mica, en la que participas, haces preguntas y recibes correcciones en tiempo real.<\/p>\t\t\t\t\t\t\t\t<\/div>\n\t\t<div class=\"elementor-element elementor-element-c62bad8 e-con-full francais e-flex e-con e-child\" data-id=\"c62bad8\" data-element_type=\"container\">\n\t\t\t\t<div class=\"elementor-element elementor-element-7c5a048 elementor-align-left elementor-widget elementor-widget-button\" data-id=\"7c5a048\" data-element_type=\"widget\" id=\"popup-guitare-flamenca\" data-widget_type=\"button.default\">\n\t\t\t\t\t\t\t\t\t\t<a class=\"elementor-button elementor-button-link elementor-size-sm elementor-animation-pulse-grow\" href=\"#brave_open_popup_4727\" target=\"_blank\" id=\"popup-guitare-flamenca\">\n\t\t\t\t\t\t<span class=\"elementor-button-content-wrapper\">\n\t\t\t\t\t\t\t\t\t<span class=\"elementor-button-text\">Descripci\u00f3n del curso<\/span>\n\t\t\t\t\t<\/span>\n\t\t\t\t\t<\/a>\n\t\t\t\t\t\t\t\t<\/div>\n\t\t\t\t<div class=\"elementor-element elementor-element-de4e527 elementor-align-left elementor-widget elementor-widget-button\" data-id=\"de4e527\" data-element_type=\"widget\" data-widget_type=\"button.default\">\n\t\t\t\t\t\t\t\t\t\t<a class=\"elementor-button elementor-button-link elementor-size-sm elementor-animation-pulse-grow\" href=\"https:\/\/wa.me\/34650704237?text=Bonjour%20je%20souhaite%20avoir%20des%20informations%20sur%20les%20cours%20de%20guitare\" target=\"_blank\">\n\t\t\t\t\t\t<span class=\"elementor-button-content-wrapper\">\n\t\t\t\t\t\t<span class=\"elementor-button-icon\">\n\t\t\t\t<svg aria-hidden=\"true\" class=\"e-font-icon-svg e-fab-whatsapp\" viewbox=\"0 0 448 512\" xmlns=\"http:\/\/www.w3.org\/2000\/svg\"><path d=\"M380.9 97.1C339 55.1 283.2 32 223.9 32c-122.4 0-222 99.6-222 222 0 39.1 10.2 77.3 29.6 111L0 480l117.7-30.9c32.4 17.7 68.9 27 106.1 27h.1c122.3 0 224.1-99.6 224.1-222 0-59.3-25.2-115-67.1-157zm-157 341.6c-33.2 0-65.7-8.9-94-25.7l-6.7-4-69.8 18.3L72 359.2l-4.4-7c-18.5-29.4-28.2-63.3-28.2-98.2 0-101.7 82.8-184.5 184.6-184.5 49.3 0 95.6 19.2 130.4 54.1 34.8 34.9 56.2 81.2 56.1 130.5 0 101.8-84.9 184.6-186.6 184.6zm101.2-138.2c-5.5-2.8-32.8-16.2-37.9-18-5.1-1.9-8.8-2.8-12.5 2.8-3.7 5.6-14.3 18-17.6 21.8-3.2 3.7-6.5 4.2-12 1.4-32.6-16.3-54-29.1-75.5-66-5.7-9.8 5.7-9.1 16.3-30.3 1.8-3.7.9-6.9-.5-9.7-1.4-2.8-12.5-30.1-17.1-41.2-4.5-10.8-9.1-9.3-12.5-9.5-3.2-.2-6.9-.2-10.6-.2-3.7 0-9.7 1.4-14.8 6.9-5.1 5.6-19.4 19-19.4 46.3 0 27.3 19.9 53.7 22.6 57.4 2.8 3.7 39.1 59.7 94.8 83.8 35.2 15.2 49 16.5 66.6 13.9 10.7-1.6 32.8-13.4 37.4-26.4 4.6-13 4.6-24.1 3.2-26.4-1.3-2.5-5-3.9-10.5-6.6z\"><\/path><\/svg>\t\t\t<\/span>\n\t\t\t\t\t\t\t\t\t<span class=\"elementor-button-text\">Reserva una clase<\/span>\n\t\t\t\t\t<\/span>\n\t\t\t\t\t<\/a>\n\t\t\t\t\t\t\t\t<\/div>\n\t\t\t\t<\/div>\n\t\t<div class=\"elementor-element elementor-element-734303e e-con-full espagnol e-flex e-con e-child\" data-id=\"734303e\" data-element_type=\"container\">\n\t\t\t\t<div class=\"elementor-element elementor-element-3d2fd18 elementor-align-left elementor-widget elementor-widget-button\" data-id=\"3d2fd18\" data-element_type=\"widget\" data-widget_type=\"button.default\">\n\t\t\t\t\t\t\t\t\t\t<a class=\"elementor-button elementor-button-link elementor-size-sm elementor-animation-pulse-grow\" href=\"#brave_open_popup_4755\" target=\"_blank\" id=\"popup-guitare-flamenca-es\">\n\t\t\t\t\t\t<span class=\"elementor-button-content-wrapper\">\n\t\t\t\t\t\t\t\t\t<span class=\"elementor-button-text\">Descripci\u00f3n del curso<\/span>\n\t\t\t\t\t<\/span>\n\t\t\t\t\t<\/a>\n\t\t\t\t\t\t\t\t<\/div>\n\t\t\t\t<div class=\"elementor-element elementor-element-e2d9c31 elementor-align-left elementor-widget elementor-widget-button\" data-id=\"e2d9c31\" data-element_type=\"widget\" data-widget_type=\"button.default\">\n\t\t\t\t\t\t\t\t\t\t<a class=\"elementor-button elementor-button-link elementor-size-sm elementor-animation-pulse-grow\" href=\"https:\/\/wa.me\/34650704237?text=Bonjour%20je%20souhaite%20avoir%20des%20informations%20sur%20les%20cours%20de%20guitare\" target=\"_blank\">\n\t\t\t\t\t\t<span class=\"elementor-button-content-wrapper\">\n\t\t\t\t\t\t<span class=\"elementor-button-icon\">\n\t\t\t\t<svg aria-hidden=\"true\" class=\"e-font-icon-svg e-fab-whatsapp\" viewbox=\"0 0 448 512\" xmlns=\"http:\/\/www.w3.org\/2000\/svg\"><path d=\"M380.9 97.1C339 55.1 283.2 32 223.9 32c-122.4 0-222 99.6-222 222 0 39.1 10.2 77.3 29.6 111L0 480l117.7-30.9c32.4 17.7 68.9 27 106.1 27h.1c122.3 0 224.1-99.6 224.1-222 0-59.3-25.2-115-67.1-157zm-157 341.6c-33.2 0-65.7-8.9-94-25.7l-6.7-4-69.8 18.3L72 359.2l-4.4-7c-18.5-29.4-28.2-63.3-28.2-98.2 0-101.7 82.8-184.5 184.6-184.5 49.3 0 95.6 19.2 130.4 54.1 34.8 34.9 56.2 81.2 56.1 130.5 0 101.8-84.9 184.6-186.6 184.6zm101.2-138.2c-5.5-2.8-32.8-16.2-37.9-18-5.1-1.9-8.8-2.8-12.5 2.8-3.7 5.6-14.3 18-17.6 21.8-3.2 3.7-6.5 4.2-12 1.4-32.6-16.3-54-29.1-75.5-66-5.7-9.8 5.7-9.1 16.3-30.3 1.8-3.7.9-6.9-.5-9.7-1.4-2.8-12.5-30.1-17.1-41.2-4.5-10.8-9.1-9.3-12.5-9.5-3.2-.2-6.9-.2-10.6-.2-3.7 0-9.7 1.4-14.8 6.9-5.1 5.6-19.4 19-19.4 46.3 0 27.3 19.9 53.7 22.6 57.4 2.8 3.7 39.1 59.7 94.8 83.8 35.2 15.2 49 16.5 66.6 13.9 10.7-1.6 32.8-13.4 37.4-26.4 4.6-13 4.6-24.1 3.2-26.4-1.3-2.5-5-3.9-10.5-6.6z\"><\/path><\/svg>\t\t\t<\/span>\n\t\t\t\t\t\t\t\t\t<span class=\"elementor-button-text\">Reserva una clase<\/span>\n\t\t\t\t\t<\/span>\n\t\t\t\t\t<\/a>\n\t\t\t\t\t\t\t\t<\/div>\n\t\t\t\t<\/div>\n\t\t\t\t<\/div>\n\t\t\t\t\t<\/div>\n\t\t\t\t<\/div>\n\t\t<div class=\"elementor-element elementor-element-3dfe25b e-flex e-con-boxed e-con e-parent\" data-id=\"3dfe25b\" data-element_type=\"container\">\n\t\t\t\t\t<div class=\"e-con-inner\">\n\t\t<div class=\"elementor-element elementor-element-7b41299 e-con-full e-flex e-con e-child\" data-id=\"7b41299\" data-element_type=\"container\">\n\t\t\t\t<div class=\"elementor-element elementor-element-58c5c4c elementor-widget elementor-widget-image\" data-id=\"58c5c4c\" data-element_type=\"widget\" data-widget_type=\"image.default\">\n\t\t\t\t\t\t\t\t\t\t\t\t\t\t\t<img decoding=\"async\" src=\"https:\/\/tuestudioflamenco.com\/wp-content\/uploads\/2026\/02\/583229509_18411111760141273_5984468171093090032_n.jpg\" title=\"583229509_18411111760141273_5984468171093090032_n\" alt=\"583229509_18411111760141273_5984468171093090032_n\" loading=\"lazy\" \/>\t\t\t\t\t\t\t\t\t\t\t\t\t\t\t<\/div>\n\t\t\t\t<\/div>\n\t\t<div class=\"elementor-element elementor-element-17ccdb7 e-con-full e-flex e-con e-child\" data-id=\"17ccdb7\" data-element_type=\"container\">\n\t\t\t\t<div class=\"elementor-element elementor-element-a8f9150 elementor-widget elementor-widget-heading\" data-id=\"a8f9150\" data-element_type=\"widget\" data-widget_type=\"heading.default\">\n\t\t\t\t\t<h3 class=\"elementor-heading-title elementor-size-default\">\ud83c\udfa4 Clases online en directo \u2013 Canto flamenco<\/h3>\t\t\t\t<\/div>\n\t\t\t\t<div class=\"elementor-element elementor-element-e754e99 elementor-widget elementor-widget-text-editor\" data-id=\"e754e99\" data-element_type=\"widget\" data-widget_type=\"text-editor.default\">\n\t\t\t\t\t\t\t\t\t<p>Aprende el aut\u00e9ntico cante flamenco gracias a un m\u00e9todo claro, estructurado y adaptado a tu nivel, con la orientaci\u00f3n en tiempo real de un profesional del flamenco.<\/p><p>Este curso no es una serie de v\u00eddeos grabados:<br \/>Se trata de una experiencia de aprendizaje din\u00e1mica, en la que el profesor te escucha, te corrige y te acompa\u00f1a paso a paso en tu evoluci\u00f3n como cantante.<\/p>\t\t\t\t\t\t\t\t<\/div>\n\t\t<div class=\"elementor-element elementor-element-51e2798 e-con-full francais e-flex e-con e-child\" data-id=\"51e2798\" data-element_type=\"container\">\n\t\t\t\t<div class=\"elementor-element elementor-element-cad86ee elementor-align-left elementor-widget elementor-widget-button\" data-id=\"cad86ee\" data-element_type=\"widget\" data-widget_type=\"button.default\">\n\t\t\t\t\t\t\t\t\t\t<a class=\"elementor-button elementor-button-link elementor-size-sm elementor-animation-pulse-grow\" href=\"#brave_open_popup_4804\" target=\"_blank\" id=\"#popup-chant-flamenco\">\n\t\t\t\t\t\t<span class=\"elementor-button-content-wrapper\">\n\t\t\t\t\t\t\t\t\t<span class=\"elementor-button-text\">Descripci\u00f3n del curso<\/span>\n\t\t\t\t\t<\/span>\n\t\t\t\t\t<\/a>\n\t\t\t\t\t\t\t\t<\/div>\n\t\t\t\t<div class=\"elementor-element elementor-element-ce11d74 elementor-align-left elementor-widget elementor-widget-button\" data-id=\"ce11d74\" data-element_type=\"widget\" data-widget_type=\"button.default\">\n\t\t\t\t\t\t\t\t\t\t<a class=\"elementor-button elementor-button-link elementor-size-sm elementor-animation-pulse-grow\" href=\"https:\/\/wa.me\/34677863419\" target=\"_blank\">\n\t\t\t\t\t\t<span class=\"elementor-button-content-wrapper\">\n\t\t\t\t\t\t<span class=\"elementor-button-icon\">\n\t\t\t\t<svg aria-hidden=\"true\" class=\"e-font-icon-svg e-fab-whatsapp\" viewbox=\"0 0 448 512\" xmlns=\"http:\/\/www.w3.org\/2000\/svg\"><path d=\"M380.9 97.1C339 55.1 283.2 32 223.9 32c-122.4 0-222 99.6-222 222 0 39.1 10.2 77.3 29.6 111L0 480l117.7-30.9c32.4 17.7 68.9 27 106.1 27h.1c122.3 0 224.1-99.6 224.1-222 0-59.3-25.2-115-67.1-157zm-157 341.6c-33.2 0-65.7-8.9-94-25.7l-6.7-4-69.8 18.3L72 359.2l-4.4-7c-18.5-29.4-28.2-63.3-28.2-98.2 0-101.7 82.8-184.5 184.6-184.5 49.3 0 95.6 19.2 130.4 54.1 34.8 34.9 56.2 81.2 56.1 130.5 0 101.8-84.9 184.6-186.6 184.6zm101.2-138.2c-5.5-2.8-32.8-16.2-37.9-18-5.1-1.9-8.8-2.8-12.5 2.8-3.7 5.6-14.3 18-17.6 21.8-3.2 3.7-6.5 4.2-12 1.4-32.6-16.3-54-29.1-75.5-66-5.7-9.8 5.7-9.1 16.3-30.3 1.8-3.7.9-6.9-.5-9.7-1.4-2.8-12.5-30.1-17.1-41.2-4.5-10.8-9.1-9.3-12.5-9.5-3.2-.2-6.9-.2-10.6-.2-3.7 0-9.7 1.4-14.8 6.9-5.1 5.6-19.4 19-19.4 46.3 0 27.3 19.9 53.7 22.6 57.4 2.8 3.7 39.1 59.7 94.8 83.8 35.2 15.2 49 16.5 66.6 13.9 10.7-1.6 32.8-13.4 37.4-26.4 4.6-13 4.6-24.1 3.2-26.4-1.3-2.5-5-3.9-10.5-6.6z\"><\/path><\/svg>\t\t\t<\/span>\n\t\t\t\t\t\t\t\t\t<span class=\"elementor-button-text\">Reserva una clase<\/span>\n\t\t\t\t\t<\/span>\n\t\t\t\t\t<\/a>\n\t\t\t\t\t\t\t\t<\/div>\n\t\t\t\t<\/div>\n\t\t<div class=\"elementor-element elementor-element-7c777dd e-con-full espagnol e-flex e-con e-child\" data-id=\"7c777dd\" data-element_type=\"container\">\n\t\t\t\t<div class=\"elementor-element elementor-element-5a940e4 elementor-align-left elementor-widget elementor-widget-button\" data-id=\"5a940e4\" data-element_type=\"widget\" data-widget_type=\"button.default\">\n\t\t\t\t\t\t\t\t\t\t<a class=\"elementor-button elementor-button-link elementor-size-sm elementor-animation-pulse-grow\" href=\"#brave_open_popup_4805\" target=\"_blank\" id=\"#popup-chant-flamenco-es\">\n\t\t\t\t\t\t<span class=\"elementor-button-content-wrapper\">\n\t\t\t\t\t\t\t\t\t<span class=\"elementor-button-text\">Descripci\u00f3n del curso<\/span>\n\t\t\t\t\t<\/span>\n\t\t\t\t\t<\/a>\n\t\t\t\t\t\t\t\t<\/div>\n\t\t\t\t<div class=\"elementor-element elementor-element-cc23688 elementor-align-left elementor-widget elementor-widget-button\" data-id=\"cc23688\" data-element_type=\"widget\" data-widget_type=\"button.default\">\n\t\t\t\t\t\t\t\t\t\t<a class=\"elementor-button elementor-button-link elementor-size-sm elementor-animation-pulse-grow\" href=\"https:\/\/wa.me\/34677863419\" target=\"_blank\">\n\t\t\t\t\t\t<span class=\"elementor-button-content-wrapper\">\n\t\t\t\t\t\t<span class=\"elementor-button-icon\">\n\t\t\t\t<svg aria-hidden=\"true\" class=\"e-font-icon-svg e-fab-whatsapp\" viewbox=\"0 0 448 512\" xmlns=\"http:\/\/www.w3.org\/2000\/svg\"><path d=\"M380.9 97.1C339 55.1 283.2 32 223.9 32c-122.4 0-222 99.6-222 222 0 39.1 10.2 77.3 29.6 111L0 480l117.7-30.9c32.4 17.7 68.9 27 106.1 27h.1c122.3 0 224.1-99.6 224.1-222 0-59.3-25.2-115-67.1-157zm-157 341.6c-33.2 0-65.7-8.9-94-25.7l-6.7-4-69.8 18.3L72 359.2l-4.4-7c-18.5-29.4-28.2-63.3-28.2-98.2 0-101.7 82.8-184.5 184.6-184.5 49.3 0 95.6 19.2 130.4 54.1 34.8 34.9 56.2 81.2 56.1 130.5 0 101.8-84.9 184.6-186.6 184.6zm101.2-138.2c-5.5-2.8-32.8-16.2-37.9-18-5.1-1.9-8.8-2.8-12.5 2.8-3.7 5.6-14.3 18-17.6 21.8-3.2 3.7-6.5 4.2-12 1.4-32.6-16.3-54-29.1-75.5-66-5.7-9.8 5.7-9.1 16.3-30.3 1.8-3.7.9-6.9-.5-9.7-1.4-2.8-12.5-30.1-17.1-41.2-4.5-10.8-9.1-9.3-12.5-9.5-3.2-.2-6.9-.2-10.6-.2-3.7 0-9.7 1.4-14.8 6.9-5.1 5.6-19.4 19-19.4 46.3 0 27.3 19.9 53.7 22.6 57.4 2.8 3.7 39.1 59.7 94.8 83.8 35.2 15.2 49 16.5 66.6 13.9 10.7-1.6 32.8-13.4 37.4-26.4 4.6-13 4.6-24.1 3.2-26.4-1.3-2.5-5-3.9-10.5-6.6z\"><\/path><\/svg>\t\t\t<\/span>\n\t\t\t\t\t\t\t\t\t<span class=\"elementor-button-text\">Reserva una clase<\/span>\n\t\t\t\t\t<\/span>\n\t\t\t\t\t<\/a>\n\t\t\t\t\t\t\t\t<\/div>\n\t\t\t\t<\/div>\n\t\t\t\t<\/div>\n\t\t\t\t\t<\/div>\n\t\t\t\t<\/div>\n\t\t\t\t<\/div>","protected":false},"excerpt":{"rendered":"<p>Apprenez en t\u00eate-\u00e0-t\u00eate avec nos mentors experts \ud83c\udfb8 Cours en ligne en direct \u2013 Guitare flamenco Apprenez vraiment \u00e0 jouer de la guitare flamenca,gr\u00e2ce \u00e0 une m\u00e9thode claire, musicale et progressive, accompagn\u00e9 en direct par un guitariste professionnel qui vous corrige, vous guide et vous fait progresser de mani\u00e8re concr\u00e8te. Il ne s&rsquo;agit pas d&rsquo;un [&hellip;]<\/p>\n","protected":false},"author":1,"featured_media":0,"parent":0,"menu_order":0,"comment_status":"closed","ping_status":"closed","template":"elementor_header_footer","meta":{"_monsterinsights_skip_tracking":false,"_monsterinsights_sitenote_active":false,"_monsterinsights_sitenote_note":"","_monsterinsights_sitenote_category":0,"_joinchat":[],"footnotes":""},"class_list":["post-4481","page","type-page","status-publish","hentry"],"aioseo_notices":[],"yoast_head":"<!-- This site is optimized with the Yoast SEO plugin v27.3 - https:\/\/yoast.com\/product\/yoast-seo-wordpress\/ -->\n<title>Cours en ligne et pr\u00e9sentiel Seville capitale - TuEstudioFlamenco<\/title>\n<meta name=\"robots\" content=\"noindex, follow, max-snippet:-1, max-image-preview:large, max-video-preview:-1\" \/>\n<meta property=\"og:locale\" content=\"es_ES\" \/>\n<meta property=\"og:type\" content=\"article\" \/>\n<meta property=\"og:title\" content=\"Cours en ligne et pr\u00e9sentiel Seville capitale - TuEstudioFlamenco\" \/>\n<meta property=\"og:description\" content=\"Apprenez en t\u00eate-\u00e0-t\u00eate avec nos mentors experts \ud83c\udfb8 Cours en ligne en direct \u2013 Guitare flamenco Apprenez vraiment \u00e0 jouer de la guitare flamenca,gr\u00e2ce \u00e0 une m\u00e9thode claire, musicale et progressive, accompagn\u00e9 en direct par un guitariste professionnel qui vous corrige, vous guide et vous fait progresser de mani\u00e8re concr\u00e8te. Il ne s&rsquo;agit pas d&rsquo;un [&hellip;]\" \/>\n<meta property=\"og:url\" content=\"https:\/\/tuestudioflamenco.com\/es\/cours-en-ligne\/\" \/>\n<meta property=\"og:site_name\" content=\"TuEstudioFlamenco\" \/>\n<meta property=\"article:modified_time\" content=\"2026-04-13T18:45:48+00:00\" \/>\n<meta property=\"og:image\" content=\"https:\/\/tuestudioflamenco.com\/wp-content\/uploads\/2026\/03\/acust-268-scaled.webp\" \/>\n<meta name=\"twitter:card\" content=\"summary_large_image\" \/>\n<meta name=\"twitter:label1\" content=\"Tiempo de lectura\" \/>\n\t<meta name=\"twitter:data1\" content=\"2 minutos\" \/>\n<script type=\"application\/ld+json\" class=\"yoast-schema-graph\">{\"@context\":\"https:\\\/\\\/schema.org\",\"@graph\":[{\"@type\":\"WebPage\",\"@id\":\"https:\\\/\\\/tuestudioflamenco.com\\\/cours-en-ligne\\\/\",\"url\":\"https:\\\/\\\/tuestudioflamenco.com\\\/cours-en-ligne\\\/\",\"name\":\"Cours en ligne et pr\u00e9sentiel Seville capitale - TuEstudioFlamenco\",\"isPartOf\":{\"@id\":\"https:\\\/\\\/tuestudioflamenco.com\\\/#website\"},\"primaryImageOfPage\":{\"@id\":\"https:\\\/\\\/tuestudioflamenco.com\\\/cours-en-ligne\\\/#primaryimage\"},\"image\":{\"@id\":\"https:\\\/\\\/tuestudioflamenco.com\\\/cours-en-ligne\\\/#primaryimage\"},\"thumbnailUrl\":\"https:\\\/\\\/tuestudioflamenco.com\\\/wp-content\\\/uploads\\\/2026\\\/03\\\/acust-268-scaled.webp\",\"datePublished\":\"2026-03-01T12:17:43+00:00\",\"dateModified\":\"2026-04-13T18:45:48+00:00\",\"breadcrumb\":{\"@id\":\"https:\\\/\\\/tuestudioflamenco.com\\\/cours-en-ligne\\\/#breadcrumb\"},\"inLanguage\":\"es\",\"potentialAction\":[{\"@type\":\"ReadAction\",\"target\":[\"https:\\\/\\\/tuestudioflamenco.com\\\/cours-en-ligne\\\/\"]}]},{\"@type\":\"ImageObject\",\"inLanguage\":\"es\",\"@id\":\"https:\\\/\\\/tuestudioflamenco.com\\\/cours-en-ligne\\\/#primaryimage\",\"url\":\"https:\\\/\\\/tuestudioflamenco.com\\\/wp-content\\\/uploads\\\/2026\\\/03\\\/acust-268-scaled.webp\",\"contentUrl\":\"https:\\\/\\\/tuestudioflamenco.com\\\/wp-content\\\/uploads\\\/2026\\\/03\\\/acust-268-scaled.webp\"},{\"@type\":\"BreadcrumbList\",\"@id\":\"https:\\\/\\\/tuestudioflamenco.com\\\/cours-en-ligne\\\/#breadcrumb\",\"itemListElement\":[{\"@type\":\"ListItem\",\"position\":1,\"name\":\"Accueil\",\"item\":\"https:\\\/\\\/tuestudioflamenco.com\\\/\"},{\"@type\":\"ListItem\",\"position\":2,\"name\":\"Cours en ligne et pr\u00e9sentiel Seville capitale\"}]},{\"@type\":\"WebSite\",\"@id\":\"https:\\\/\\\/tuestudioflamenco.com\\\/#website\",\"url\":\"https:\\\/\\\/tuestudioflamenco.com\\\/\",\"name\":\"TuEstudioFlamenco\",\"description\":\"\",\"publisher\":{\"@id\":\"https:\\\/\\\/tuestudioflamenco.com\\\/#organization\"},\"potentialAction\":[{\"@type\":\"SearchAction\",\"target\":{\"@type\":\"EntryPoint\",\"urlTemplate\":\"https:\\\/\\\/tuestudioflamenco.com\\\/?s={search_term_string}\"},\"query-input\":{\"@type\":\"PropertyValueSpecification\",\"valueRequired\":true,\"valueName\":\"search_term_string\"}}],\"inLanguage\":\"es\"},{\"@type\":\"Organization\",\"@id\":\"https:\\\/\\\/tuestudioflamenco.com\\\/#organization\",\"name\":\"TuEstudioFlamenco\",\"url\":\"https:\\\/\\\/tuestudioflamenco.com\\\/\",\"logo\":{\"@type\":\"ImageObject\",\"inLanguage\":\"es\",\"@id\":\"https:\\\/\\\/tuestudioflamenco.com\\\/#\\\/schema\\\/logo\\\/image\\\/\",\"url\":\"https:\\\/\\\/tuestudioflamenco.com\\\/wp-content\\\/uploads\\\/2026\\\/03\\\/TuEstudioFlamenco-Transparente-scaled.png\",\"contentUrl\":\"https:\\\/\\\/tuestudioflamenco.com\\\/wp-content\\\/uploads\\\/2026\\\/03\\\/TuEstudioFlamenco-Transparente-scaled.png\",\"width\":2560,\"height\":485,\"caption\":\"TuEstudioFlamenco\"},\"image\":{\"@id\":\"https:\\\/\\\/tuestudioflamenco.com\\\/#\\\/schema\\\/logo\\\/image\\\/\"}}]}<\/script>\n<!-- \/ Yoast SEO plugin. -->","yoast_head_json":{"title":"Cours en ligne et pr\u00e9sentiel Seville capitale - TuEstudioFlamenco","robots":{"index":"noindex","follow":"follow","max-snippet":"max-snippet:-1","max-image-preview":"max-image-preview:large","max-video-preview":"max-video-preview:-1"},"og_locale":"es_ES","og_type":"article","og_title":"Cours en ligne et pr\u00e9sentiel Seville capitale - TuEstudioFlamenco","og_description":"Apprenez en t\u00eate-\u00e0-t\u00eate avec nos mentors experts \ud83c\udfb8 Cours en ligne en direct \u2013 Guitare flamenco Apprenez vraiment \u00e0 jouer de la guitare flamenca,gr\u00e2ce \u00e0 une m\u00e9thode claire, musicale et progressive, accompagn\u00e9 en direct par un guitariste professionnel qui vous corrige, vous guide et vous fait progresser de mani\u00e8re concr\u00e8te. Il ne s&rsquo;agit pas d&rsquo;un [&hellip;]","og_url":"https:\/\/tuestudioflamenco.com\/es\/cours-en-ligne\/","og_site_name":"TuEstudioFlamenco","article_modified_time":"2026-04-13T18:45:48+00:00","og_image":[{"url":"https:\/\/tuestudioflamenco.com\/wp-content\/uploads\/2026\/03\/acust-268-scaled.webp","type":"","width":"","height":""}],"twitter_card":"summary_large_image","twitter_misc":{"Tiempo de lectura":"2 minutos"},"schema":{"@context":"https:\/\/schema.org","@graph":[{"@type":"WebPage","@id":"https:\/\/tuestudioflamenco.com\/cours-en-ligne\/","url":"https:\/\/tuestudioflamenco.com\/cours-en-ligne\/","name":"Cours en ligne et pr\u00e9sentiel Seville capitale - TuEstudioFlamenco","isPartOf":{"@id":"https:\/\/tuestudioflamenco.com\/#website"},"primaryImageOfPage":{"@id":"https:\/\/tuestudioflamenco.com\/cours-en-ligne\/#primaryimage"},"image":{"@id":"https:\/\/tuestudioflamenco.com\/cours-en-ligne\/#primaryimage"},"thumbnailUrl":"https:\/\/tuestudioflamenco.com\/wp-content\/uploads\/2026\/03\/acust-268-scaled.webp","datePublished":"2026-03-01T12:17:43+00:00","dateModified":"2026-04-13T18:45:48+00:00","breadcrumb":{"@id":"https:\/\/tuestudioflamenco.com\/cours-en-ligne\/#breadcrumb"},"inLanguage":"es","potentialAction":[{"@type":"ReadAction","target":["https:\/\/tuestudioflamenco.com\/cours-en-ligne\/"]}]},{"@type":"ImageObject","inLanguage":"es","@id":"https:\/\/tuestudioflamenco.com\/cours-en-ligne\/#primaryimage","url":"https:\/\/tuestudioflamenco.com\/wp-content\/uploads\/2026\/03\/acust-268-scaled.webp","contentUrl":"https:\/\/tuestudioflamenco.com\/wp-content\/uploads\/2026\/03\/acust-268-scaled.webp"},{"@type":"BreadcrumbList","@id":"https:\/\/tuestudioflamenco.com\/cours-en-ligne\/#breadcrumb","itemListElement":[{"@type":"ListItem","position":1,"name":"Accueil","item":"https:\/\/tuestudioflamenco.com\/"},{"@type":"ListItem","position":2,"name":"Cours en ligne et pr\u00e9sentiel Seville capitale"}]},{"@type":"WebSite","@id":"https:\/\/tuestudioflamenco.com\/#website","url":"https:\/\/tuestudioflamenco.com\/","name":"TuEstudioFlamenco","description":"","publisher":{"@id":"https:\/\/tuestudioflamenco.com\/#organization"},"potentialAction":[{"@type":"SearchAction","target":{"@type":"EntryPoint","urlTemplate":"https:\/\/tuestudioflamenco.com\/?s={search_term_string}"},"query-input":{"@type":"PropertyValueSpecification","valueRequired":true,"valueName":"search_term_string"}}],"inLanguage":"es"},{"@type":"Organization","@id":"https:\/\/tuestudioflamenco.com\/#organization","name":"TuEstudioFlamenco","url":"https:\/\/tuestudioflamenco.com\/","logo":{"@type":"ImageObject","inLanguage":"es","@id":"https:\/\/tuestudioflamenco.com\/#\/schema\/logo\/image\/","url":"https:\/\/tuestudioflamenco.com\/wp-content\/uploads\/2026\/03\/TuEstudioFlamenco-Transparente-scaled.png","contentUrl":"https:\/\/tuestudioflamenco.com\/wp-content\/uploads\/2026\/03\/TuEstudioFlamenco-Transparente-scaled.png","width":2560,"height":485,"caption":"TuEstudioFlamenco"},"image":{"@id":"https:\/\/tuestudioflamenco.com\/#\/schema\/logo\/image\/"}}]}},"_links":{"self":[{"href":"https:\/\/tuestudioflamenco.com\/es\/wp-json\/wp\/v2\/pages\/4481","targetHints":{"allow":["GET"]}}],"collection":[{"href":"https:\/\/tuestudioflamenco.com\/es\/wp-json\/wp\/v2\/pages"}],"about":[{"href":"https:\/\/tuestudioflamenco.com\/es\/wp-json\/wp\/v2\/types\/page"}],"author":[{"embeddable":true,"href":"https:\/\/tuestudioflamenco.com\/es\/wp-json\/wp\/v2\/users\/1"}],"replies":[{"embeddable":true,"href":"https:\/\/tuestudioflamenco.com\/es\/wp-json\/wp\/v2\/comments?post=4481"}],"version-history":[{"count":97,"href":"https:\/\/tuestudioflamenco.com\/es\/wp-json\/wp\/v2\/pages\/4481\/revisions"}],"predecessor-version":[{"id":4886,"href":"https:\/\/tuestudioflamenco.com\/es\/wp-json\/wp\/v2\/pages\/4481\/revisions\/4886"}],"wp:attachment":[{"href":"https:\/\/tuestudioflamenco.com\/es\/wp-json\/wp\/v2\/media?parent=4481"}],"curies":[{"name":"wp","href":"https:\/\/api.w.org\/{rel}","templated":true}]}}