{"id":3182,"date":"2021-04-01T05:30:43","date_gmt":"2021-04-01T05:30:43","guid":{"rendered":"https:\/\/preview.tutorlms.com\/?page_id=3182"},"modified":"2026-04-13T20:44:01","modified_gmt":"2026-04-13T18:44:01","slug":"a-propos","status":"publish","type":"page","link":"https:\/\/tuestudioflamenco.com\/es\/a-propos\/","title":{"rendered":"Acerca de"},"content":{"rendered":"<div data-elementor-type=\"wp-page\" data-elementor-id=\"3182\" class=\"elementor elementor-3182\" data-elementor-post-type=\"page\">\n\t\t\t\t<div class=\"elementor-element elementor-element-f749e6c e-con-full francais e-flex e-con e-parent\" data-id=\"f749e6c\" data-element_type=\"container\" data-settings=\"{&quot;background_background&quot;:&quot;classic&quot;}\">\n\t\t\t\t<\/div>\n\t\t<div class=\"elementor-element elementor-element-7a43029 e-con-full espagnol e-flex e-con e-parent\" data-id=\"7a43029\" data-element_type=\"container\" data-settings=\"{&quot;background_background&quot;:&quot;classic&quot;}\">\n\t\t\t\t<\/div>\n\t\t<div class=\"elementor-element elementor-element-71f96b20 e-flex e-con-boxed e-con e-parent\" data-id=\"71f96b20\" data-element_type=\"container\" data-settings=\"{&quot;background_background&quot;:&quot;classic&quot;}\">\n\t\t\t\t\t<div class=\"e-con-inner\">\n\t\t<div class=\"elementor-element elementor-element-60167826 e-con-full e-flex e-con e-child\" data-id=\"60167826\" data-element_type=\"container\">\n\t\t\t\t<div class=\"elementor-element elementor-element-151b0ca2 elementor-widget elementor-widget-text-editor\" data-id=\"151b0ca2\" data-element_type=\"widget\" data-widget_type=\"text-editor.default\">\n\t\t\t\t\t\t\t\t\t<p class=\"translation-block\">Hola, soy Guillermo, guitarrista flamenco con m\u00e1s de 20 a\u00f1os de experiencia en Sevilla, donde\nhe desarrollado mi carrera en el coraz\u00f3n del flamenco. Me especialic\u00e9 bajo la gu\u00eda de\nreconocidos guitarristas flamencos como Pedro Sierra, Paco Cort\u00e9s, Miguel \u00c1ngel Cort\u00e9s, Diego\ndel Morao, Dani de Mor\u00f3n y otros grandes maestros.<\/p><p>Con m\u00e1s de 10 a\u00f1os actuando en tablaos, he acompa\u00f1ado a grandes cantaores y bailaores, desarrollando una s\u00f3lida experiencia en el escenario. Hoy, comparto toda esa pasi\u00f3n en clases personalizadas, adaptadas a cada alumno, para garantizar un avance real y seguro en la guitarra flamenca.<\/p>\t\t\t\t\t\t\t\t<\/div>\n\t\t\t\t<\/div>\n\t\t<div class=\"elementor-element elementor-element-68579526 e-con-full e-flex e-con e-child\" data-id=\"68579526\" data-element_type=\"container\" data-settings=\"{&quot;background_background&quot;:&quot;classic&quot;}\">\n\t\t\t\t<div class=\"elementor-element elementor-element-18933ca elementor-widget elementor-widget-image\" data-id=\"18933ca\" data-element_type=\"widget\" data-widget_type=\"image.default\">\n\t\t\t\t\t\t\t\t\t\t\t\t\t\t\t<img fetchpriority=\"high\" decoding=\"async\" width=\"640\" height=\"428\" src=\"https:\/\/tuestudioflamenco.com\/wp-content\/uploads\/2026\/03\/acust-268-1024x685.webp\" class=\"attachment-large size-large wp-image-4491\" alt=\"\" srcset=\"https:\/\/tuestudioflamenco.com\/wp-content\/uploads\/2026\/03\/acust-268-1024x685.webp 1024w, https:\/\/tuestudioflamenco.com\/wp-content\/uploads\/2026\/03\/acust-268-300x201.webp 300w, https:\/\/tuestudioflamenco.com\/wp-content\/uploads\/2026\/03\/acust-268-768x514.webp 768w, https:\/\/tuestudioflamenco.com\/wp-content\/uploads\/2026\/03\/acust-268-1536x1028.webp 1536w, https:\/\/tuestudioflamenco.com\/wp-content\/uploads\/2026\/03\/acust-268-2048x1371.webp 2048w, https:\/\/tuestudioflamenco.com\/wp-content\/uploads\/2026\/03\/acust-268-18x12.webp 18w, https:\/\/tuestudioflamenco.com\/wp-content\/uploads\/2026\/03\/acust-268-600x402.webp 600w\" sizes=\"(max-width: 640px) 100vw, 640px\" \/>\t\t\t\t\t\t\t\t\t\t\t\t\t\t\t<\/div>\n\t\t\t\t<\/div>\n\t\t\t\t\t<\/div>\n\t\t\t\t<\/div>\n\t\t<div class=\"elementor-element elementor-element-d882fe7 e-flex e-con-boxed e-con e-parent\" data-id=\"d882fe7\" data-element_type=\"container\" data-settings=\"{&quot;background_background&quot;:&quot;classic&quot;}\">\n\t\t\t\t\t<div class=\"e-con-inner\">\n\t\t<div class=\"elementor-element elementor-element-b57ef60 e-con-full e-flex e-con e-child\" data-id=\"b57ef60\" data-element_type=\"container\">\n\t\t\t\t<div class=\"elementor-element elementor-element-218ed9d elementor-widget elementor-widget-text-editor\" data-id=\"218ed9d\" data-element_type=\"widget\" data-widget_type=\"text-editor.default\">\n\t\t\t\t\t\t\t\t\t<p>Hola, soy Sara Holgado, Cantaora Flamenca y Profesora de cante.\nLlevo el flamenco desde mis ra\u00edces en Olvera (C\u00e1diz) hasta escenarios de todo el\nmundo.<\/p><p>Me he formado entre la autodid\u00e1ctica y grandes referentes como El Lebrijano, Lole Montoya y Mayte Mart\u00edn, desarrollando una voz personal entre tradici\u00f3n y emoci\u00f3n.<\/p><p class=\"translation-block\">He tenido la oportunidad de actuar en muchos festivales y escenarios internacionales, Gracias a esta profesi\u00f3n, he podido trabajar en pa\u00edses como Marruecos, Pakist\u00e1n, Jap\u00f3n, Argelia, Ecuador, Per\u00fa, Suiza, Alemania, Noruega, Belgica, Suecia y Francia, entre otros.<\/p><p>Como profesora, te acompa\u00f1o a descubrir el cante flamenco de forma cercana, profunda y viva.<\/p>\t\t\t\t\t\t\t\t<\/div>\n\t\t\t\t<\/div>\n\t\t<div class=\"elementor-element elementor-element-a534cfd e-con-full e-flex e-con e-child\" data-id=\"a534cfd\" data-element_type=\"container\" data-settings=\"{&quot;background_background&quot;:&quot;classic&quot;}\">\n\t\t\t\t<div class=\"elementor-element elementor-element-9fa2297 elementor-widget elementor-widget-image\" data-id=\"9fa2297\" data-element_type=\"widget\" data-widget_type=\"image.default\">\n\t\t\t\t\t\t\t\t\t\t\t\t\t\t\t<img decoding=\"async\" width=\"640\" height=\"391\" src=\"https:\/\/tuestudioflamenco.com\/wp-content\/uploads\/2026\/03\/Captura-de-pantalla-111-1024x625.webp\" class=\"attachment-large size-large wp-image-4655\" alt=\"\" srcset=\"https:\/\/tuestudioflamenco.com\/wp-content\/uploads\/2026\/03\/Captura-de-pantalla-111-1024x625.webp 1024w, https:\/\/tuestudioflamenco.com\/wp-content\/uploads\/2026\/03\/Captura-de-pantalla-111-300x183.webp 300w, https:\/\/tuestudioflamenco.com\/wp-content\/uploads\/2026\/03\/Captura-de-pantalla-111-768x469.webp 768w, https:\/\/tuestudioflamenco.com\/wp-content\/uploads\/2026\/03\/Captura-de-pantalla-111-1536x938.webp 1536w, https:\/\/tuestudioflamenco.com\/wp-content\/uploads\/2026\/03\/Captura-de-pantalla-111-2048x1251.webp 2048w, https:\/\/tuestudioflamenco.com\/wp-content\/uploads\/2026\/03\/Captura-de-pantalla-111-18x12.webp 18w, https:\/\/tuestudioflamenco.com\/wp-content\/uploads\/2026\/03\/Captura-de-pantalla-111-600x366.webp 600w\" sizes=\"(max-width: 640px) 100vw, 640px\" \/>\t\t\t\t\t\t\t\t\t\t\t\t\t\t\t<\/div>\n\t\t\t\t<\/div>\n\t\t\t\t\t<\/div>\n\t\t\t\t<\/div>\n\t\t\t\t<\/div>","protected":false},"excerpt":{"rendered":"<p>Bonjour, Je suis Guillermo, Guitariste Flamenco avec plus de 20 ans d\u2019exp\u00e9rience \u00e0 S\u00e9ville, o\u00f9 j\u2019ai forg\u00e9 mon parcours au c\u0153ur de cet art. Je me suis form\u00e9 aupr\u00e8s de grands guitaristes telsque Pedro Sierra, Paco Cort\u00e9s, Miguel \u00c1ngel Cort\u00e9s, Diego del Morao et Dani de Mor\u00f3n, entre autres. Apr\u00e8s plus de 10 ans de [&hellip;]<\/p>\n","protected":false},"author":1,"featured_media":0,"parent":0,"menu_order":0,"comment_status":"closed","ping_status":"closed","template":"elementor_header_footer","meta":{"_monsterinsights_skip_tracking":false,"_monsterinsights_sitenote_active":false,"_monsterinsights_sitenote_note":"","_monsterinsights_sitenote_category":0,"_joinchat":[],"footnotes":""},"class_list":["post-3182","page","type-page","status-publish","hentry"],"aioseo_notices":[],"yoast_head":"<!-- This site is optimized with the Yoast SEO plugin v27.3 - https:\/\/yoast.com\/product\/yoast-seo-wordpress\/ -->\n<title>A propos - TuEstudioFlamenco<\/title>\n<meta name=\"robots\" content=\"noindex, follow, max-snippet:-1, max-image-preview:large, max-video-preview:-1\" \/>\n<meta property=\"og:locale\" content=\"es_ES\" \/>\n<meta property=\"og:type\" content=\"article\" \/>\n<meta property=\"og:title\" content=\"A propos - TuEstudioFlamenco\" \/>\n<meta property=\"og:description\" content=\"Bonjour, Je suis Guillermo, Guitariste Flamenco avec plus de 20 ans d\u2019exp\u00e9rience \u00e0 S\u00e9ville, o\u00f9 j\u2019ai forg\u00e9 mon parcours au c\u0153ur de cet art. Je me suis form\u00e9 aupr\u00e8s de grands guitaristes telsque Pedro Sierra, Paco Cort\u00e9s, Miguel \u00c1ngel Cort\u00e9s, Diego del Morao et Dani de Mor\u00f3n, entre autres. Apr\u00e8s plus de 10 ans de [&hellip;]\" \/>\n<meta property=\"og:url\" content=\"https:\/\/tuestudioflamenco.com\/es\/a-propos\/\" \/>\n<meta property=\"og:site_name\" content=\"TuEstudioFlamenco\" \/>\n<meta property=\"article:modified_time\" content=\"2026-04-13T18:44:01+00:00\" \/>\n<meta property=\"og:image\" content=\"https:\/\/tuestudioflamenco.com\/wp-content\/uploads\/2026\/03\/acust-268-scaled.webp\" \/>\n\t<meta property=\"og:image:width\" content=\"2560\" \/>\n\t<meta property=\"og:image:height\" content=\"1714\" \/>\n\t<meta property=\"og:image:type\" content=\"image\/webp\" \/>\n<meta name=\"twitter:card\" content=\"summary_large_image\" \/>\n<meta name=\"twitter:label1\" content=\"Tiempo de lectura\" \/>\n\t<meta name=\"twitter:data1\" content=\"2 minutos\" \/>\n<script type=\"application\/ld+json\" class=\"yoast-schema-graph\">{\"@context\":\"https:\\\/\\\/schema.org\",\"@graph\":[{\"@type\":\"WebPage\",\"@id\":\"https:\\\/\\\/tuestudioflamenco.com\\\/a-propos\\\/\",\"url\":\"https:\\\/\\\/tuestudioflamenco.com\\\/a-propos\\\/\",\"name\":\"A propos - TuEstudioFlamenco\",\"isPartOf\":{\"@id\":\"https:\\\/\\\/tuestudioflamenco.com\\\/#website\"},\"primaryImageOfPage\":{\"@id\":\"https:\\\/\\\/tuestudioflamenco.com\\\/a-propos\\\/#primaryimage\"},\"image\":{\"@id\":\"https:\\\/\\\/tuestudioflamenco.com\\\/a-propos\\\/#primaryimage\"},\"thumbnailUrl\":\"https:\\\/\\\/tuestudioflamenco.com\\\/wp-content\\\/uploads\\\/2026\\\/03\\\/acust-268-1024x685.webp\",\"datePublished\":\"2021-04-01T05:30:43+00:00\",\"dateModified\":\"2026-04-13T18:44:01+00:00\",\"breadcrumb\":{\"@id\":\"https:\\\/\\\/tuestudioflamenco.com\\\/a-propos\\\/#breadcrumb\"},\"inLanguage\":\"es\",\"potentialAction\":[{\"@type\":\"ReadAction\",\"target\":[\"https:\\\/\\\/tuestudioflamenco.com\\\/a-propos\\\/\"]}]},{\"@type\":\"ImageObject\",\"inLanguage\":\"es\",\"@id\":\"https:\\\/\\\/tuestudioflamenco.com\\\/a-propos\\\/#primaryimage\",\"url\":\"https:\\\/\\\/tuestudioflamenco.com\\\/wp-content\\\/uploads\\\/2026\\\/03\\\/acust-268-1024x685.webp\",\"contentUrl\":\"https:\\\/\\\/tuestudioflamenco.com\\\/wp-content\\\/uploads\\\/2026\\\/03\\\/acust-268-1024x685.webp\"},{\"@type\":\"BreadcrumbList\",\"@id\":\"https:\\\/\\\/tuestudioflamenco.com\\\/a-propos\\\/#breadcrumb\",\"itemListElement\":[{\"@type\":\"ListItem\",\"position\":1,\"name\":\"Accueil\",\"item\":\"https:\\\/\\\/tuestudioflamenco.com\\\/\"},{\"@type\":\"ListItem\",\"position\":2,\"name\":\"A propos\"}]},{\"@type\":\"WebSite\",\"@id\":\"https:\\\/\\\/tuestudioflamenco.com\\\/#website\",\"url\":\"https:\\\/\\\/tuestudioflamenco.com\\\/\",\"name\":\"TuEstudioFlamenco\",\"description\":\"\",\"publisher\":{\"@id\":\"https:\\\/\\\/tuestudioflamenco.com\\\/#organization\"},\"potentialAction\":[{\"@type\":\"SearchAction\",\"target\":{\"@type\":\"EntryPoint\",\"urlTemplate\":\"https:\\\/\\\/tuestudioflamenco.com\\\/?s={search_term_string}\"},\"query-input\":{\"@type\":\"PropertyValueSpecification\",\"valueRequired\":true,\"valueName\":\"search_term_string\"}}],\"inLanguage\":\"es\"},{\"@type\":\"Organization\",\"@id\":\"https:\\\/\\\/tuestudioflamenco.com\\\/#organization\",\"name\":\"TuEstudioFlamenco\",\"url\":\"https:\\\/\\\/tuestudioflamenco.com\\\/\",\"logo\":{\"@type\":\"ImageObject\",\"inLanguage\":\"es\",\"@id\":\"https:\\\/\\\/tuestudioflamenco.com\\\/#\\\/schema\\\/logo\\\/image\\\/\",\"url\":\"https:\\\/\\\/tuestudioflamenco.com\\\/wp-content\\\/uploads\\\/2026\\\/03\\\/TuEstudioFlamenco-Transparente-scaled.png\",\"contentUrl\":\"https:\\\/\\\/tuestudioflamenco.com\\\/wp-content\\\/uploads\\\/2026\\\/03\\\/TuEstudioFlamenco-Transparente-scaled.png\",\"width\":2560,\"height\":485,\"caption\":\"TuEstudioFlamenco\"},\"image\":{\"@id\":\"https:\\\/\\\/tuestudioflamenco.com\\\/#\\\/schema\\\/logo\\\/image\\\/\"}}]}<\/script>\n<!-- \/ Yoast SEO plugin. -->","yoast_head_json":{"title":"A propos - TuEstudioFlamenco","robots":{"index":"noindex","follow":"follow","max-snippet":"max-snippet:-1","max-image-preview":"max-image-preview:large","max-video-preview":"max-video-preview:-1"},"og_locale":"es_ES","og_type":"article","og_title":"A propos - TuEstudioFlamenco","og_description":"Bonjour, Je suis Guillermo, Guitariste Flamenco avec plus de 20 ans d\u2019exp\u00e9rience \u00e0 S\u00e9ville, o\u00f9 j\u2019ai forg\u00e9 mon parcours au c\u0153ur de cet art. Je me suis form\u00e9 aupr\u00e8s de grands guitaristes telsque Pedro Sierra, Paco Cort\u00e9s, Miguel \u00c1ngel Cort\u00e9s, Diego del Morao et Dani de Mor\u00f3n, entre autres. Apr\u00e8s plus de 10 ans de [&hellip;]","og_url":"https:\/\/tuestudioflamenco.com\/es\/a-propos\/","og_site_name":"TuEstudioFlamenco","article_modified_time":"2026-04-13T18:44:01+00:00","og_image":[{"width":2560,"height":1714,"url":"https:\/\/tuestudioflamenco.com\/wp-content\/uploads\/2026\/03\/acust-268-scaled.webp","type":"image\/webp"}],"twitter_card":"summary_large_image","twitter_misc":{"Tiempo de lectura":"2 minutos"},"schema":{"@context":"https:\/\/schema.org","@graph":[{"@type":"WebPage","@id":"https:\/\/tuestudioflamenco.com\/a-propos\/","url":"https:\/\/tuestudioflamenco.com\/a-propos\/","name":"A propos - TuEstudioFlamenco","isPartOf":{"@id":"https:\/\/tuestudioflamenco.com\/#website"},"primaryImageOfPage":{"@id":"https:\/\/tuestudioflamenco.com\/a-propos\/#primaryimage"},"image":{"@id":"https:\/\/tuestudioflamenco.com\/a-propos\/#primaryimage"},"thumbnailUrl":"https:\/\/tuestudioflamenco.com\/wp-content\/uploads\/2026\/03\/acust-268-1024x685.webp","datePublished":"2021-04-01T05:30:43+00:00","dateModified":"2026-04-13T18:44:01+00:00","breadcrumb":{"@id":"https:\/\/tuestudioflamenco.com\/a-propos\/#breadcrumb"},"inLanguage":"es","potentialAction":[{"@type":"ReadAction","target":["https:\/\/tuestudioflamenco.com\/a-propos\/"]}]},{"@type":"ImageObject","inLanguage":"es","@id":"https:\/\/tuestudioflamenco.com\/a-propos\/#primaryimage","url":"https:\/\/tuestudioflamenco.com\/wp-content\/uploads\/2026\/03\/acust-268-1024x685.webp","contentUrl":"https:\/\/tuestudioflamenco.com\/wp-content\/uploads\/2026\/03\/acust-268-1024x685.webp"},{"@type":"BreadcrumbList","@id":"https:\/\/tuestudioflamenco.com\/a-propos\/#breadcrumb","itemListElement":[{"@type":"ListItem","position":1,"name":"Accueil","item":"https:\/\/tuestudioflamenco.com\/"},{"@type":"ListItem","position":2,"name":"A propos"}]},{"@type":"WebSite","@id":"https:\/\/tuestudioflamenco.com\/#website","url":"https:\/\/tuestudioflamenco.com\/","name":"TuEstudioFlamenco","description":"","publisher":{"@id":"https:\/\/tuestudioflamenco.com\/#organization"},"potentialAction":[{"@type":"SearchAction","target":{"@type":"EntryPoint","urlTemplate":"https:\/\/tuestudioflamenco.com\/?s={search_term_string}"},"query-input":{"@type":"PropertyValueSpecification","valueRequired":true,"valueName":"search_term_string"}}],"inLanguage":"es"},{"@type":"Organization","@id":"https:\/\/tuestudioflamenco.com\/#organization","name":"TuEstudioFlamenco","url":"https:\/\/tuestudioflamenco.com\/","logo":{"@type":"ImageObject","inLanguage":"es","@id":"https:\/\/tuestudioflamenco.com\/#\/schema\/logo\/image\/","url":"https:\/\/tuestudioflamenco.com\/wp-content\/uploads\/2026\/03\/TuEstudioFlamenco-Transparente-scaled.png","contentUrl":"https:\/\/tuestudioflamenco.com\/wp-content\/uploads\/2026\/03\/TuEstudioFlamenco-Transparente-scaled.png","width":2560,"height":485,"caption":"TuEstudioFlamenco"},"image":{"@id":"https:\/\/tuestudioflamenco.com\/#\/schema\/logo\/image\/"}}]}},"_links":{"self":[{"href":"https:\/\/tuestudioflamenco.com\/es\/wp-json\/wp\/v2\/pages\/3182","targetHints":{"allow":["GET"]}}],"collection":[{"href":"https:\/\/tuestudioflamenco.com\/es\/wp-json\/wp\/v2\/pages"}],"about":[{"href":"https:\/\/tuestudioflamenco.com\/es\/wp-json\/wp\/v2\/types\/page"}],"author":[{"embeddable":true,"href":"https:\/\/tuestudioflamenco.com\/es\/wp-json\/wp\/v2\/users\/1"}],"replies":[{"embeddable":true,"href":"https:\/\/tuestudioflamenco.com\/es\/wp-json\/wp\/v2\/comments?post=3182"}],"version-history":[{"count":35,"href":"https:\/\/tuestudioflamenco.com\/es\/wp-json\/wp\/v2\/pages\/3182\/revisions"}],"predecessor-version":[{"id":4883,"href":"https:\/\/tuestudioflamenco.com\/es\/wp-json\/wp\/v2\/pages\/3182\/revisions\/4883"}],"wp:attachment":[{"href":"https:\/\/tuestudioflamenco.com\/es\/wp-json\/wp\/v2\/media?parent=3182"}],"curies":[{"name":"wp","href":"https:\/\/api.w.org\/{rel}","templated":true}]}}